{"id":784,"date":"2020-02-19T00:20:33","date_gmt":"2020-02-19T03:20:33","guid":{"rendered":"https:\/\/bsspblog.com.br\/eventos-gratis-copy\/"},"modified":"2025-06-27T09:43:48","modified_gmt":"2025-06-27T12:43:48","slug":"novidades","status":"publish","type":"page","link":"https:\/\/www.bsspce.com.br\/blog\/novidades\/","title":{"rendered":"Novidades"},"content":{"rendered":"\t\t<div data-elementor-type=\"wp-page\" data-elementor-id=\"784\" class=\"elementor elementor-784\">\n\t\t\t\t\t\t<section class=\"elementor-section elementor-top-section elementor-element elementor-element-8e96193 elementor-section-boxed elementor-section-height-default elementor-section-height-default\" data-id=\"8e96193\" data-element_type=\"section\" data-settings=\"{&quot;background_background&quot;:&quot;classic&quot;}\">\n\t\t\t\t\t\t\t<div class=\"elementor-background-overlay\"><\/div>\n\t\t\t\t\t\t\t<div class=\"elementor-container elementor-column-gap-default\">\n\t\t\t\t\t<div class=\"elementor-column elementor-col-100 elementor-top-column elementor-element elementor-element-6780c1d\" data-id=\"6780c1d\" data-element_type=\"column\">\n\t\t\t<div class=\"elementor-widget-wrap elementor-element-populated\">\n\t\t\t\t\t\t<div class=\"elementor-element elementor-element-cdd6f00 elementor-widget elementor-widget-spacer\" data-id=\"cdd6f00\" data-element_type=\"widget\" data-widget_type=\"spacer.default\">\n\t\t\t\t<div class=\"elementor-widget-container\">\n\t\t\t<style>\/*! elementor - v3.19.0 - 07-02-2024 *\/\n.elementor-column .elementor-spacer-inner{height:var(--spacer-size)}.e-con{--container-widget-width:100%}.e-con-inner>.elementor-widget-spacer,.e-con>.elementor-widget-spacer{width:var(--container-widget-width,var(--spacer-size));--align-self:var(--container-widget-align-self,initial);--flex-shrink:0}.e-con-inner>.elementor-widget-spacer>.elementor-widget-container,.e-con>.elementor-widget-spacer>.elementor-widget-container{height:100%;width:100%}.e-con-inner>.elementor-widget-spacer>.elementor-widget-container>.elementor-spacer,.e-con>.elementor-widget-spacer>.elementor-widget-container>.elementor-spacer{height:100%}.e-con-inner>.elementor-widget-spacer>.elementor-widget-container>.elementor-spacer>.elementor-spacer-inner,.e-con>.elementor-widget-spacer>.elementor-widget-container>.elementor-spacer>.elementor-spacer-inner{height:var(--container-widget-height,var(--spacer-size))}.e-con-inner>.elementor-widget-spacer.elementor-widget-empty,.e-con>.elementor-widget-spacer.elementor-widget-empty{position:relative;min-height:22px;min-width:22px}.e-con-inner>.elementor-widget-spacer.elementor-widget-empty .elementor-widget-empty-icon,.e-con>.elementor-widget-spacer.elementor-widget-empty .elementor-widget-empty-icon{position:absolute;top:0;bottom:0;left:0;right:0;margin:auto;padding:0;width:22px;height:22px}<\/style>\t\t<div class=\"elementor-spacer\">\n\t\t\t<div class=\"elementor-spacer-inner\"><\/div>\n\t\t<\/div>\n\t\t\t\t<\/div>\n\t\t\t\t<\/div>\n\t\t\t\t<div class=\"elementor-element elementor-element-c75a664 elementor-widget elementor-widget-image\" data-id=\"c75a664\" data-element_type=\"widget\" data-widget_type=\"image.default\">\n\t\t\t\t<div class=\"elementor-widget-container\">\n\t\t\t<style>\/*! elementor - v3.19.0 - 07-02-2024 *\/\n.elementor-widget-image{text-align:center}.elementor-widget-image a{display:inline-block}.elementor-widget-image a img[src$=\".svg\"]{width:48px}.elementor-widget-image img{vertical-align:middle;display:inline-block}<\/style>\t\t\t\t\t\t\t\t\t\t<img fetchpriority=\"high\" decoding=\"async\" width=\"1024\" height=\"302\" src=\"https:\/\/www.bsspce.com.br\/blog\/wp-content\/uploads\/2025\/01\/bssp-news-1-1024x302.png\" class=\"attachment-large size-large wp-image-4759\" alt=\"\" srcset=\"https:\/\/www.bsspce.com.br\/blog\/wp-content\/uploads\/2025\/01\/bssp-news-1-1024x302.png 1024w, https:\/\/www.bsspce.com.br\/blog\/wp-content\/uploads\/2025\/01\/bssp-news-1-300x89.png 300w, https:\/\/www.bsspce.com.br\/blog\/wp-content\/uploads\/2025\/01\/bssp-news-1-768x227.png 768w, https:\/\/www.bsspce.com.br\/blog\/wp-content\/uploads\/2025\/01\/bssp-news-1-1536x453.png 1536w, https:\/\/www.bsspce.com.br\/blog\/wp-content\/uploads\/2025\/01\/bssp-news-1.png 1600w\" sizes=\"(max-width: 1024px) 100vw, 1024px\" \/>\t\t\t\t\t\t\t\t\t\t\t\t\t<\/div>\n\t\t\t\t<\/div>\n\t\t\t\t\t<\/div>\n\t\t<\/div>\n\t\t\t\t\t<\/div>\n\t\t<\/section>\n\t\t\t\t<section class=\"elementor-section elementor-top-section elementor-element elementor-element-d5de02b elementor-section-boxed elementor-section-height-default elementor-section-height-default\" data-id=\"d5de02b\" data-element_type=\"section\" data-settings=\"{&quot;background_background&quot;:&quot;classic&quot;}\">\n\t\t\t\t\t\t\t<div class=\"elementor-background-overlay\"><\/div>\n\t\t\t\t\t\t\t<div class=\"elementor-container elementor-column-gap-default\">\n\t\t\t\t\t<div class=\"elementor-column elementor-col-50 elementor-top-column elementor-element elementor-element-b779f48\" data-id=\"b779f48\" data-element_type=\"column\">\n\t\t\t<div class=\"elementor-widget-wrap elementor-element-populated\">\n\t\t\t\t\t\t<div class=\"elementor-element elementor-element-8cc4812 elementor-widget elementor-widget-text-editor\" data-id=\"8cc4812\" data-element_type=\"widget\" data-widget_type=\"text-editor.default\">\n\t\t\t\t<div class=\"elementor-widget-container\">\n\t\t\t<style>\/*! elementor - v3.19.0 - 07-02-2024 *\/\n.elementor-widget-text-editor.elementor-drop-cap-view-stacked .elementor-drop-cap{background-color:#69727d;color:#fff}.elementor-widget-text-editor.elementor-drop-cap-view-framed .elementor-drop-cap{color:#69727d;border:3px solid;background-color:transparent}.elementor-widget-text-editor:not(.elementor-drop-cap-view-default) .elementor-drop-cap{margin-top:8px}.elementor-widget-text-editor:not(.elementor-drop-cap-view-default) .elementor-drop-cap-letter{width:1em;height:1em}.elementor-widget-text-editor .elementor-drop-cap{float:left;text-align:center;line-height:1;font-size:50px}.elementor-widget-text-editor .elementor-drop-cap-letter{display:inline-block}<\/style>\t\t\t\t<p data-pm-slice=\"1 1 []\"><strong>A nossa newsletter \u00e9 feita e pensada em voc\u00ea<\/strong>, com tend\u00eancias do mercado, dicas pr\u00e1ticas e conte\u00fado de valor.<\/p>\n<p data-pm-slice=\"1 1 []\">Preencha o formul\u00e1rio ao lado para receber gratuitamente a BSSP&nbsp;<span style=\"font-size: 18px; font-style: normal; font-weight: 300; font-family: var( --e-global-typography-text-font-family ), Sans-serif;\">News<\/span><span style=\"font-size: 18px; font-family: var( --e-global-typography-text-font-family ), Sans-serif;\">.<\/span><\/p>\n<p><em><strong>Uma nova edi\u00e7\u00e3o toda ter\u00e7a-feira<\/strong><\/em><\/p>\t\t\t\t\t\t<\/div>\n\t\t\t\t<\/div>\n\t\t\t\t<div class=\"elementor-element elementor-element-bad45c9 elementor-widget elementor-widget-image\" data-id=\"bad45c9\" data-element_type=\"widget\" data-widget_type=\"image.default\">\n\t\t\t\t<div class=\"elementor-widget-container\">\n\t\t\t\t\t\t\t\t\t\t\t\t\t<img decoding=\"async\" width=\"1024\" height=\"415\" src=\"https:\/\/www.bsspce.com.br\/blog\/wp-content\/uploads\/2025\/06\/bssp-news-lieda-1024x415-1.png\" class=\"attachment-large size-large wp-image-4930\" alt=\"\" srcset=\"https:\/\/www.bsspce.com.br\/blog\/wp-content\/uploads\/2025\/06\/bssp-news-lieda-1024x415-1.png 1024w, https:\/\/www.bsspce.com.br\/blog\/wp-content\/uploads\/2025\/06\/bssp-news-lieda-1024x415-1-300x122.png 300w, https:\/\/www.bsspce.com.br\/blog\/wp-content\/uploads\/2025\/06\/bssp-news-lieda-1024x415-1-768x311.png 768w\" sizes=\"(max-width: 1024px) 100vw, 1024px\" \/>\t\t\t\t\t\t\t\t\t\t\t\t\t<\/div>\n\t\t\t\t<\/div>\n\t\t\t\t\t<\/div>\n\t\t<\/div>\n\t\t\t\t<div class=\"elementor-column elementor-col-50 elementor-top-column elementor-element elementor-element-8193c35\" data-id=\"8193c35\" data-element_type=\"column\">\n\t\t\t<div class=\"elementor-widget-wrap elementor-element-populated\">\n\t\t\t\t\t\t<div class=\"elementor-element elementor-element-4b3dc41 elementor-widget elementor-widget-heading\" data-id=\"4b3dc41\" data-element_type=\"widget\" data-widget_type=\"heading.default\">\n\t\t\t\t<div class=\"elementor-widget-container\">\n\t\t\t<style>\/*! elementor - v3.19.0 - 07-02-2024 *\/\n.elementor-heading-title{padding:0;margin:0;line-height:1}.elementor-widget-heading .elementor-heading-title[class*=elementor-size-]>a{color:inherit;font-size:inherit;line-height:inherit}.elementor-widget-heading .elementor-heading-title.elementor-size-small{font-size:15px}.elementor-widget-heading .elementor-heading-title.elementor-size-medium{font-size:19px}.elementor-widget-heading .elementor-heading-title.elementor-size-large{font-size:29px}.elementor-widget-heading .elementor-heading-title.elementor-size-xl{font-size:39px}.elementor-widget-heading .elementor-heading-title.elementor-size-xxl{font-size:59px}<\/style><h2 class=\"elementor-heading-title elementor-size-default\">Que bom te receber por aqui!<\/h2>\t\t<\/div>\n\t\t\t\t<\/div>\n\t\t\t\t<section class=\"elementor-section elementor-inner-section elementor-element elementor-element-05d8673 elementor-section-boxed elementor-section-height-default elementor-section-height-default\" data-id=\"05d8673\" data-element_type=\"section\" data-settings=\"{&quot;background_background&quot;:&quot;classic&quot;}\">\n\t\t\t\t\t\t<div class=\"elementor-container elementor-column-gap-default\">\n\t\t\t\t\t<div class=\"elementor-column elementor-col-100 elementor-inner-column elementor-element elementor-element-549e080\" data-id=\"549e080\" data-element_type=\"column\">\n\t\t\t<div class=\"elementor-widget-wrap elementor-element-populated\">\n\t\t\t\t\t\t<div class=\"elementor-element elementor-element-a6a1969 elementor-widget elementor-widget-shortcode\" data-id=\"a6a1969\" data-element_type=\"widget\" data-widget_type=\"shortcode.default\">\n\t\t\t\t<div class=\"elementor-widget-container\">\n\t\t\t\t\t<div class=\"elementor-shortcode\"><div role=\"main\" id=\"post-blog-duplicado-f9683b316409f05f0c87\"><\/div><script type=\"text\/javascript\" src=\"https:\/\/d335luupugsy2.cloudfront.net\/js\/rdstation-forms\/stable\/rdstation-forms.min.js\"><\/script><script type=\"text\/javascript\"> new RDStationForms('post-blog-duplicado-f9683b316409f05f0c87', 'UA-103955457-1').createForm();<\/script><\/div>\n\t\t\t\t<\/div>\n\t\t\t\t<\/div>\n\t\t\t\t\t<\/div>\n\t\t<\/div>\n\t\t\t\t\t<\/div>\n\t\t<\/section>\n\t\t\t\t\t<\/div>\n\t\t<\/div>\n\t\t\t\t\t<\/div>\n\t\t<\/section>\n\t\t\t\t<\/div>\n\t\t","protected":false},"excerpt":{"rendered":"<p>A nossa newsletter \u00e9 feita e pensada em voc\u00ea, com tend\u00eancias do mercado, dicas pr\u00e1ticas e conte\u00fado de valor. Preencha o formul\u00e1rio ao lado para receber gratuitamente a BSSP&nbsp;News. Uma nova edi\u00e7\u00e3o toda ter\u00e7a-feira Que bom te receber por aqui!<\/p>\n","protected":false},"author":8,"featured_media":0,"parent":0,"menu_order":0,"comment_status":"closed","ping_status":"closed","template":"","meta":{"site-sidebar-layout":"no-sidebar","site-content-layout":"page-builder","ast-site-content-layout":"","site-content-style":"default","site-sidebar-style":"default","ast-global-header-display":"","ast-banner-title-visibility":"","ast-main-header-display":"","ast-hfb-above-header-display":"","ast-hfb-below-header-display":"","ast-hfb-mobile-header-display":"","site-post-title":"disabled","ast-breadcrumbs-content":"","ast-featured-img":"disabled","footer-sml-layout":"","theme-transparent-header-meta":"default","adv-header-id-meta":"","stick-header-meta":"default","header-above-stick-meta":"","header-main-stick-meta":"","header-below-stick-meta":"","astra-migrate-meta-layouts":"","ast-page-background-enabled":"default","ast-page-background-meta":{"desktop":{"background-color":"","background-image":"","background-repeat":"repeat","background-position":"center center","background-size":"auto","background-attachment":"scroll","background-type":"","background-media":"","overlay-type":"","overlay-color":"","overlay-gradient":""},"tablet":{"background-color":"","background-image":"","background-repeat":"repeat","background-position":"center center","background-size":"auto","background-attachment":"scroll","background-type":"","background-media":"","overlay-type":"","overlay-color":"","overlay-gradient":""},"mobile":{"background-color":"","background-image":"","background-repeat":"repeat","background-position":"center center","background-size":"auto","background-attachment":"scroll","background-type":"","background-media":"","overlay-type":"","overlay-color":"","overlay-gradient":""}},"ast-content-background-meta":{"desktop":{"background-color":"var(--ast-global-color-5)","background-image":"","background-repeat":"repeat","background-position":"center center","background-size":"auto","background-attachment":"scroll","background-type":"","background-media":"","overlay-type":"","overlay-color":"","overlay-gradient":""},"tablet":{"background-color":"var(--ast-global-color-5)","background-image":"","background-repeat":"repeat","background-position":"center center","background-size":"auto","background-attachment":"scroll","background-type":"","background-media":"","overlay-type":"","overlay-color":"","overlay-gradient":""},"mobile":{"background-color":"var(--ast-global-color-5)","background-image":"","background-repeat":"repeat","background-position":"center center","background-size":"auto","background-attachment":"scroll","background-type":"","background-media":"","overlay-type":"","overlay-color":"","overlay-gradient":""}},"footnotes":""},"yoast_head":"<!-- This site is optimized with the Yoast SEO plugin v22.2 - https:\/\/yoast.com\/wordpress\/plugins\/seo\/ -->\n<title>Novidades - BSSP Blog<\/title>\n<meta name=\"robots\" content=\"index, follow, max-snippet:-1, max-image-preview:large, max-video-preview:-1\" \/>\n<link rel=\"canonical\" href=\"https:\/\/www.bsspce.com.br\/blog\/novidades\/\" \/>\n<meta property=\"og:locale\" content=\"pt_BR\" \/>\n<meta property=\"og:type\" content=\"article\" \/>\n<meta property=\"og:title\" content=\"Novidades - BSSP Blog\" \/>\n<meta property=\"og:description\" content=\"A nossa newsletter \u00e9 feita e pensada em voc\u00ea, com tend\u00eancias do mercado, dicas pr\u00e1ticas e conte\u00fado de valor. Preencha o formul\u00e1rio ao lado para receber gratuitamente a BSSP&nbsp;News. Uma nova edi\u00e7\u00e3o toda ter\u00e7a-feira Que bom te receber por aqui!\" \/>\n<meta property=\"og:url\" content=\"https:\/\/www.bsspce.com.br\/blog\/novidades\/\" \/>\n<meta property=\"og:site_name\" content=\"BSSP Blog\" \/>\n<meta property=\"article:publisher\" content=\"https:\/\/www.facebook.com\/bsspcentroeducacional\/\" \/>\n<meta property=\"article:modified_time\" content=\"2025-06-27T12:43:48+00:00\" \/>\n<meta property=\"og:image\" content=\"https:\/\/www.bsspce.com.br\/blog\/wp-content\/uploads\/2025\/01\/bssp-news-1-1024x302.png\" \/>\n<meta name=\"twitter:card\" content=\"summary_large_image\" \/>\n<meta name=\"twitter:label1\" content=\"Est. tempo de leitura\" \/>\n\t<meta name=\"twitter:data1\" content=\"1 minuto\" \/>\n<script type=\"application\/ld+json\" class=\"yoast-schema-graph\">{\"@context\":\"https:\/\/schema.org\",\"@graph\":[{\"@type\":\"WebPage\",\"@id\":\"https:\/\/www.bsspce.com.br\/blog\/novidades\/\",\"url\":\"https:\/\/www.bsspce.com.br\/blog\/novidades\/\",\"name\":\"Novidades - BSSP Blog\",\"isPartOf\":{\"@id\":\"https:\/\/www.bsspce.com.br\/blog\/#website\"},\"primaryImageOfPage\":{\"@id\":\"https:\/\/www.bsspce.com.br\/blog\/novidades\/#primaryimage\"},\"image\":{\"@id\":\"https:\/\/www.bsspce.com.br\/blog\/novidades\/#primaryimage\"},\"thumbnailUrl\":\"https:\/\/www.bsspce.com.br\/blog\/wp-content\/uploads\/2025\/01\/bssp-news-1-1024x302.png\",\"datePublished\":\"2020-02-19T03:20:33+00:00\",\"dateModified\":\"2025-06-27T12:43:48+00:00\",\"breadcrumb\":{\"@id\":\"https:\/\/www.bsspce.com.br\/blog\/novidades\/#breadcrumb\"},\"inLanguage\":\"pt-BR\",\"potentialAction\":[{\"@type\":\"ReadAction\",\"target\":[\"https:\/\/www.bsspce.com.br\/blog\/novidades\/\"]}]},{\"@type\":\"ImageObject\",\"inLanguage\":\"pt-BR\",\"@id\":\"https:\/\/www.bsspce.com.br\/blog\/novidades\/#primaryimage\",\"url\":\"https:\/\/www.bsspce.com.br\/blog\/wp-content\/uploads\/2025\/01\/bssp-news-1.png\",\"contentUrl\":\"https:\/\/www.bsspce.com.br\/blog\/wp-content\/uploads\/2025\/01\/bssp-news-1.png\",\"width\":1600,\"height\":472},{\"@type\":\"BreadcrumbList\",\"@id\":\"https:\/\/www.bsspce.com.br\/blog\/novidades\/#breadcrumb\",\"itemListElement\":[{\"@type\":\"ListItem\",\"position\":1,\"name\":\"Home\",\"item\":\"https:\/\/www.bsspce.com.br\/blog\/\"},{\"@type\":\"ListItem\",\"position\":2,\"name\":\"Novidades\"}]},{\"@type\":\"WebSite\",\"@id\":\"https:\/\/www.bsspce.com.br\/blog\/#website\",\"url\":\"https:\/\/www.bsspce.com.br\/blog\/\",\"name\":\"BSSP Blog\",\"description\":\"Conte\u00fado para profissionais que plantam sua Boa Sorte\",\"publisher\":{\"@id\":\"https:\/\/www.bsspce.com.br\/blog\/#organization\"},\"potentialAction\":[{\"@type\":\"SearchAction\",\"target\":{\"@type\":\"EntryPoint\",\"urlTemplate\":\"https:\/\/www.bsspce.com.br\/blog\/?s={search_term_string}\"},\"query-input\":\"required name=search_term_string\"}],\"inLanguage\":\"pt-BR\"},{\"@type\":\"Organization\",\"@id\":\"https:\/\/www.bsspce.com.br\/blog\/#organization\",\"name\":\"BSSP\",\"url\":\"https:\/\/www.bsspce.com.br\/blog\/\",\"logo\":{\"@type\":\"ImageObject\",\"inLanguage\":\"pt-BR\",\"@id\":\"https:\/\/www.bsspce.com.br\/blog\/#\/schema\/logo\/image\/\",\"url\":\"https:\/\/www.bsspce.com.br\/blog\/wp-content\/uploads\/2020\/04\/cropped-logo-BSSP-blog-95x26-1.png\",\"contentUrl\":\"https:\/\/www.bsspce.com.br\/blog\/wp-content\/uploads\/2020\/04\/cropped-logo-BSSP-blog-95x26-1.png\",\"width\":95,\"height\":26,\"caption\":\"BSSP\"},\"image\":{\"@id\":\"https:\/\/www.bsspce.com.br\/blog\/#\/schema\/logo\/image\/\"},\"sameAs\":[\"https:\/\/www.facebook.com\/bsspcentroeducacional\/\",\"https:\/\/www.instagram.com\/bsspcentroeducacional\/\",\"https:\/\/www.linkedin.com\/school\/bsspcentroeducacional\/\"]}]}<\/script>\n<!-- \/ Yoast SEO plugin. -->","yoast_head_json":{"title":"Novidades - BSSP Blog","robots":{"index":"index","follow":"follow","max-snippet":"max-snippet:-1","max-image-preview":"max-image-preview:large","max-video-preview":"max-video-preview:-1"},"canonical":"https:\/\/www.bsspce.com.br\/blog\/novidades\/","og_locale":"pt_BR","og_type":"article","og_title":"Novidades - BSSP Blog","og_description":"A nossa newsletter \u00e9 feita e pensada em voc\u00ea, com tend\u00eancias do mercado, dicas pr\u00e1ticas e conte\u00fado de valor. Preencha o formul\u00e1rio ao lado para receber gratuitamente a BSSP&nbsp;News. Uma nova edi\u00e7\u00e3o toda ter\u00e7a-feira Que bom te receber por aqui!","og_url":"https:\/\/www.bsspce.com.br\/blog\/novidades\/","og_site_name":"BSSP Blog","article_publisher":"https:\/\/www.facebook.com\/bsspcentroeducacional\/","article_modified_time":"2025-06-27T12:43:48+00:00","og_image":[{"url":"https:\/\/www.bsspce.com.br\/blog\/wp-content\/uploads\/2025\/01\/bssp-news-1-1024x302.png"}],"twitter_card":"summary_large_image","twitter_misc":{"Est. tempo de leitura":"1 minuto"},"schema":{"@context":"https:\/\/schema.org","@graph":[{"@type":"WebPage","@id":"https:\/\/www.bsspce.com.br\/blog\/novidades\/","url":"https:\/\/www.bsspce.com.br\/blog\/novidades\/","name":"Novidades - BSSP Blog","isPartOf":{"@id":"https:\/\/www.bsspce.com.br\/blog\/#website"},"primaryImageOfPage":{"@id":"https:\/\/www.bsspce.com.br\/blog\/novidades\/#primaryimage"},"image":{"@id":"https:\/\/www.bsspce.com.br\/blog\/novidades\/#primaryimage"},"thumbnailUrl":"https:\/\/www.bsspce.com.br\/blog\/wp-content\/uploads\/2025\/01\/bssp-news-1-1024x302.png","datePublished":"2020-02-19T03:20:33+00:00","dateModified":"2025-06-27T12:43:48+00:00","breadcrumb":{"@id":"https:\/\/www.bsspce.com.br\/blog\/novidades\/#breadcrumb"},"inLanguage":"pt-BR","potentialAction":[{"@type":"ReadAction","target":["https:\/\/www.bsspce.com.br\/blog\/novidades\/"]}]},{"@type":"ImageObject","inLanguage":"pt-BR","@id":"https:\/\/www.bsspce.com.br\/blog\/novidades\/#primaryimage","url":"https:\/\/www.bsspce.com.br\/blog\/wp-content\/uploads\/2025\/01\/bssp-news-1.png","contentUrl":"https:\/\/www.bsspce.com.br\/blog\/wp-content\/uploads\/2025\/01\/bssp-news-1.png","width":1600,"height":472},{"@type":"BreadcrumbList","@id":"https:\/\/www.bsspce.com.br\/blog\/novidades\/#breadcrumb","itemListElement":[{"@type":"ListItem","position":1,"name":"Home","item":"https:\/\/www.bsspce.com.br\/blog\/"},{"@type":"ListItem","position":2,"name":"Novidades"}]},{"@type":"WebSite","@id":"https:\/\/www.bsspce.com.br\/blog\/#website","url":"https:\/\/www.bsspce.com.br\/blog\/","name":"BSSP Blog","description":"Conte\u00fado para profissionais que plantam sua Boa Sorte","publisher":{"@id":"https:\/\/www.bsspce.com.br\/blog\/#organization"},"potentialAction":[{"@type":"SearchAction","target":{"@type":"EntryPoint","urlTemplate":"https:\/\/www.bsspce.com.br\/blog\/?s={search_term_string}"},"query-input":"required name=search_term_string"}],"inLanguage":"pt-BR"},{"@type":"Organization","@id":"https:\/\/www.bsspce.com.br\/blog\/#organization","name":"BSSP","url":"https:\/\/www.bsspce.com.br\/blog\/","logo":{"@type":"ImageObject","inLanguage":"pt-BR","@id":"https:\/\/www.bsspce.com.br\/blog\/#\/schema\/logo\/image\/","url":"https:\/\/www.bsspce.com.br\/blog\/wp-content\/uploads\/2020\/04\/cropped-logo-BSSP-blog-95x26-1.png","contentUrl":"https:\/\/www.bsspce.com.br\/blog\/wp-content\/uploads\/2020\/04\/cropped-logo-BSSP-blog-95x26-1.png","width":95,"height":26,"caption":"BSSP"},"image":{"@id":"https:\/\/www.bsspce.com.br\/blog\/#\/schema\/logo\/image\/"},"sameAs":["https:\/\/www.facebook.com\/bsspcentroeducacional\/","https:\/\/www.instagram.com\/bsspcentroeducacional\/","https:\/\/www.linkedin.com\/school\/bsspcentroeducacional\/"]}]}},"_links":{"self":[{"href":"https:\/\/www.bsspce.com.br\/blog\/wp-json\/wp\/v2\/pages\/784"}],"collection":[{"href":"https:\/\/www.bsspce.com.br\/blog\/wp-json\/wp\/v2\/pages"}],"about":[{"href":"https:\/\/www.bsspce.com.br\/blog\/wp-json\/wp\/v2\/types\/page"}],"author":[{"embeddable":true,"href":"https:\/\/www.bsspce.com.br\/blog\/wp-json\/wp\/v2\/users\/8"}],"replies":[{"embeddable":true,"href":"https:\/\/www.bsspce.com.br\/blog\/wp-json\/wp\/v2\/comments?post=784"}],"version-history":[{"count":54,"href":"https:\/\/www.bsspce.com.br\/blog\/wp-json\/wp\/v2\/pages\/784\/revisions"}],"predecessor-version":[{"id":4933,"href":"https:\/\/www.bsspce.com.br\/blog\/wp-json\/wp\/v2\/pages\/784\/revisions\/4933"}],"wp:attachment":[{"href":"https:\/\/www.bsspce.com.br\/blog\/wp-json\/wp\/v2\/media?parent=784"}],"curies":[{"name":"wp","href":"https:\/\/api.w.org\/{rel}","templated":true}]}}